{"id":91,"date":"2011-11-26T11:01:57","date_gmt":"2011-11-26T11:01:57","guid":{"rendered":"http:\/\/msqui.juniorvoices.de\/?page_id=91"},"modified":"2018-01-24T10:10:15","modified_gmt":"2018-01-24T10:10:15","slug":"kammermusik","status":"publish","type":"page","link":"http:\/\/www.musikschule-quickborn.de\/?page_id=91","title":{"rendered":"Kammermusik"},"content":{"rendered":"<p>Projektweise treffen sich die folgenden Kammermusik-Ensembles:<\/p>\n<ul>\n<li>Querfl\u00f6ten-Ensemble (Leitung Elisabeth Gerigk de Santos)<\/li>\n<li>Perkussions-Ensemble &#8222;Drum Experience&#8220; (Leitung Mareike Niehues)<\/li>\n<li>Klarinetten-Saxophon-Ensemble (Leitung Sabine Koth)<\/li>\n<li>Violin-Ensemble (Leitung Falko Jentsch)<\/li>\n<li>Blechbl\u00e4ser-Ensemble (Leitung Lorenz Jensen)<\/li>\n<\/ul>\n<p>Diese Ensembles werden aus dem Instrumental-Unterricht heraus gebildet und in diesem Zusammenhang auch unterrichtet. Neben Umrahmungen von Veranstaltungen der Stadt Quickborn treten die Ensembles regelm\u00e4\u00dfig in den Sch\u00fclerkonzerten der Musikschule auf.<\/p>\n","protected":false},"excerpt":{"rendered":"<p>Projektweise treffen sich die folgenden Kammermusik-Ensembles: Querfl\u00f6ten-Ensemble (Leitung Elisabeth Gerigk de Santos) Perkussions-Ensemble &#8222;Drum Experience&#8220; (Leitung Mareike Niehues) Klarinetten-Saxophon-Ensemble (Leitung Sabine Koth) Violin-Ensemble (Leitung Falko Jentsch) Blechbl\u00e4ser-Ensemble (Leitung Lorenz Jensen) Diese Ensembles werden aus dem Instrumental-Unterricht heraus gebildet und in diesem Zusammenhang auch unterrichtet. Neben Umrahmungen von Veranstaltungen der Stadt Quickborn treten die Ensembles regelm\u00e4\u00dfig [&hellip;]<\/p>\n","protected":false},"author":1,"featured_media":0,"parent":72,"menu_order":2,"comment_status":"closed","ping_status":"open","template":"","meta":[],"_links":{"self":[{"href":"http:\/\/www.musikschule-quickborn.de\/index.php?rest_route=\/wp\/v2\/pages\/91"}],"collection":[{"href":"http:\/\/www.musikschule-quickborn.de\/index.php?rest_route=\/wp\/v2\/pages"}],"about":[{"href":"http:\/\/www.musikschule-quickborn.de\/index.php?rest_route=\/wp\/v2\/types\/page"}],"author":[{"embeddable":true,"href":"http:\/\/www.musikschule-quickborn.de\/index.php?rest_route=\/wp\/v2\/users\/1"}],"replies":[{"embeddable":true,"href":"http:\/\/www.musikschule-quickborn.de\/index.php?rest_route=%2Fwp%2Fv2%2Fcomments&post=91"}],"version-history":[{"count":7,"href":"http:\/\/www.musikschule-quickborn.de\/index.php?rest_route=\/wp\/v2\/pages\/91\/revisions"}],"predecessor-version":[{"id":752,"href":"http:\/\/www.musikschule-quickborn.de\/index.php?rest_route=\/wp\/v2\/pages\/91\/revisions\/752"}],"up":[{"embeddable":true,"href":"http:\/\/www.musikschule-quickborn.de\/index.php?rest_route=\/wp\/v2\/pages\/72"}],"wp:attachment":[{"href":"http:\/\/www.musikschule-quickborn.de\/index.php?rest_route=%2Fwp%2Fv2%2Fmedia&parent=91"}],"curies":[{"name":"wp","href":"https:\/\/api.w.org\/{rel}","templated":true}]}}