{"id":84,"date":"2011-11-26T10:53:11","date_gmt":"2011-11-26T10:53:11","guid":{"rendered":"http:\/\/msqui.juniorvoices.de\/?page_id=84"},"modified":"2020-09-23T07:45:25","modified_gmt":"2020-09-23T07:45:25","slug":"orchester","status":"publish","type":"page","link":"http:\/\/www.musikschule-quickborn.de\/?page_id=84","title":{"rendered":"Orchester"},"content":{"rendered":"<div id=\"attachment_1034\" style=\"width: 685px\" class=\"wp-caption alignleft\"><a href=\"http:\/\/www.musikschule-quickborn.de\/?attachment_id=1034\" rel=\"attachment wp-att-1034\"><img aria-describedby=\"caption-attachment-1034\" loading=\"lazy\" class=\" wp-image-1034\" src=\"http:\/\/www.musikschule-quickborn.de\/wp-content\/uploads\/2019\/12\/Adventskonzert-2019-Foto-Janina-300x169.jpg\" alt=\"\" width=\"675\" height=\"380\" srcset=\"http:\/\/www.musikschule-quickborn.de\/wp-content\/uploads\/2019\/12\/Adventskonzert-2019-Foto-Janina-300x169.jpg 300w, http:\/\/www.musikschule-quickborn.de\/wp-content\/uploads\/2019\/12\/Adventskonzert-2019-Foto-Janina-768x432.jpg 768w, http:\/\/www.musikschule-quickborn.de\/wp-content\/uploads\/2019\/12\/Adventskonzert-2019-Foto-Janina.jpg 880w\" sizes=\"(max-width: 675px) 100vw, 675px\" \/><\/a><p id=\"caption-attachment-1034\" class=\"wp-caption-text\">Quelle: Quickborner Tageblatt<\/p><\/div>\n<p>Das Orchester der Musikschule der Stadt Quickborn besteht \u00fcberwiegend aus Sch\u00fclerinnen und Sch\u00fclern der Musikschule. Pro Schuljahr werden zwei gr\u00f6\u00dfere Projekte\u00a0 realisiert. So wurden z.B. Prokofjews &#8222;Peter und der Wolf&#8220;, &#8222;Saint-Saens &#8222;Karneval der Tiere&#8220;, &#8222;Der kleine Prinz&#8220;,\u00a0 &#8222;Nussknacker und Mausek\u00f6nig&#8220;, aber auch Jazz- und Filmmusik, Instrumentalkonzerte und Kantaten aufgef\u00fchrt.<\/p>\n<p>Den Kern des Ensembles bildet ein Streichorchester. Bl\u00e4ser, Schlagzeuger oder auch Pianisten werden je nach Projekt hinzugebeten.<\/p>\n<p>Geprobt wird nach Absprache, die Leitung haben Falko Jentsch und Lorenz Jensen.<\/p>\n<p>&nbsp;<\/p>\n","protected":false},"excerpt":{"rendered":"<p>Das Orchester der Musikschule der Stadt Quickborn besteht \u00fcberwiegend aus Sch\u00fclerinnen und Sch\u00fclern der Musikschule. Pro Schuljahr werden zwei gr\u00f6\u00dfere Projekte\u00a0 realisiert. So wurden z.B. Prokofjews &#8222;Peter und der Wolf&#8220;, &#8222;Saint-Saens &#8222;Karneval der Tiere&#8220;, &#8222;Der kleine Prinz&#8220;,\u00a0 &#8222;Nussknacker und Mausek\u00f6nig&#8220;, aber auch Jazz- und Filmmusik, Instrumentalkonzerte und Kantaten aufgef\u00fchrt. Den Kern des Ensembles bildet ein [&hellip;]<\/p>\n","protected":false},"author":1,"featured_media":0,"parent":72,"menu_order":1,"comment_status":"closed","ping_status":"open","template":"","meta":[],"_links":{"self":[{"href":"http:\/\/www.musikschule-quickborn.de\/index.php?rest_route=\/wp\/v2\/pages\/84"}],"collection":[{"href":"http:\/\/www.musikschule-quickborn.de\/index.php?rest_route=\/wp\/v2\/pages"}],"about":[{"href":"http:\/\/www.musikschule-quickborn.de\/index.php?rest_route=\/wp\/v2\/types\/page"}],"author":[{"embeddable":true,"href":"http:\/\/www.musikschule-quickborn.de\/index.php?rest_route=\/wp\/v2\/users\/1"}],"replies":[{"embeddable":true,"href":"http:\/\/www.musikschule-quickborn.de\/index.php?rest_route=%2Fwp%2Fv2%2Fcomments&post=84"}],"version-history":[{"count":12,"href":"http:\/\/www.musikschule-quickborn.de\/index.php?rest_route=\/wp\/v2\/pages\/84\/revisions"}],"predecessor-version":[{"id":1098,"href":"http:\/\/www.musikschule-quickborn.de\/index.php?rest_route=\/wp\/v2\/pages\/84\/revisions\/1098"}],"up":[{"embeddable":true,"href":"http:\/\/www.musikschule-quickborn.de\/index.php?rest_route=\/wp\/v2\/pages\/72"}],"wp:attachment":[{"href":"http:\/\/www.musikschule-quickborn.de\/index.php?rest_route=%2Fwp%2Fv2%2Fmedia&parent=84"}],"curies":[{"name":"wp","href":"https:\/\/api.w.org\/{rel}","templated":true}]}}