{"id":80,"date":"2011-11-26T10:49:30","date_gmt":"2011-11-26T10:49:30","guid":{"rendered":"http:\/\/msqui.juniorvoices.de\/?page_id=80"},"modified":"2024-11-05T10:30:35","modified_gmt":"2024-11-05T10:30:35","slug":"musikgarten","status":"publish","type":"page","link":"http:\/\/www.musikschule-quickborn.de\/?page_id=80","title":{"rendered":"Musikkatzen, Musikm\u00e4use und Musikraben unter der Leitung von Frau Julia Timm"},"content":{"rendered":"\n<p>Die Kurse finden im Musikgartenraum der Musikschule statt. Sie laufen jeweils bis zum Ende eines Schulhalbjahres, ein Einstieg ist jederzeit m\u00f6glich (freie Pl\u00e4tze vorausgesetzt).<\/p>\n\n\n\n<p>Alle Kurse k\u00f6nnen auch von Kindern mit Beeintr\u00e4chtigungen besucht werden.<\/p>\n\n\n\n<p>Anmeldung und weitere Informationen:<\/p>\n\n\n\n<p>Telefonisch unter&nbsp; 04106-8 14 28 oder per E-Mail an info@musikschule-quickborn.de<\/p>\n\n\n\n<p><\/p>\n\n\n\n<figure class=\"wp-block-image size-large\"><a href=\"http:\/\/www.musikschule-quickborn.de\/wp-content\/uploads\/2024\/11\/241027-Flyer-Musikkatzen-warmgelb-6.jpg\"><img loading=\"lazy\" width=\"482\" height=\"1024\" src=\"http:\/\/www.musikschule-quickborn.de\/wp-content\/uploads\/2024\/11\/241027-Flyer-Musikkatzen-warmgelb-6-482x1024.jpg\" alt=\"\" class=\"wp-image-1506\" srcset=\"http:\/\/www.musikschule-quickborn.de\/wp-content\/uploads\/2024\/11\/241027-Flyer-Musikkatzen-warmgelb-6-482x1024.jpg 482w, http:\/\/www.musikschule-quickborn.de\/wp-content\/uploads\/2024\/11\/241027-Flyer-Musikkatzen-warmgelb-6-141x300.jpg 141w, http:\/\/www.musikschule-quickborn.de\/wp-content\/uploads\/2024\/11\/241027-Flyer-Musikkatzen-warmgelb-6.jpg 584w\" sizes=\"(max-width: 482px) 100vw, 482px\" \/><\/a><\/figure>\n\n\n\n<figure class=\"wp-block-image size-large\"><a href=\"http:\/\/www.musikschule-quickborn.de\/wp-content\/uploads\/2024\/11\/241027-Flyer-Musikmaeuse-warmgelb-2.jpg\"><img loading=\"lazy\" width=\"483\" height=\"1024\" src=\"http:\/\/www.musikschule-quickborn.de\/wp-content\/uploads\/2024\/11\/241027-Flyer-Musikmaeuse-warmgelb-2-483x1024.jpg\" alt=\"\" class=\"wp-image-1508\" srcset=\"http:\/\/www.musikschule-quickborn.de\/wp-content\/uploads\/2024\/11\/241027-Flyer-Musikmaeuse-warmgelb-2-483x1024.jpg 483w, http:\/\/www.musikschule-quickborn.de\/wp-content\/uploads\/2024\/11\/241027-Flyer-Musikmaeuse-warmgelb-2-141x300.jpg 141w, http:\/\/www.musikschule-quickborn.de\/wp-content\/uploads\/2024\/11\/241027-Flyer-Musikmaeuse-warmgelb-2.jpg 561w\" sizes=\"(max-width: 483px) 100vw, 483px\" \/><\/a><\/figure>\n\n\n\n<figure class=\"wp-block-image size-large\"><a href=\"http:\/\/www.musikschule-quickborn.de\/wp-content\/uploads\/2024\/11\/241027-Flyer-Musikraben-warmgelb-1-1.jpg\"><img loading=\"lazy\" width=\"483\" height=\"1024\" src=\"http:\/\/www.musikschule-quickborn.de\/wp-content\/uploads\/2024\/11\/241027-Flyer-Musikraben-warmgelb-1-1-483x1024.jpg\" alt=\"\" class=\"wp-image-1509\" srcset=\"http:\/\/www.musikschule-quickborn.de\/wp-content\/uploads\/2024\/11\/241027-Flyer-Musikraben-warmgelb-1-1-483x1024.jpg 483w, http:\/\/www.musikschule-quickborn.de\/wp-content\/uploads\/2024\/11\/241027-Flyer-Musikraben-warmgelb-1-1-141x300.jpg 141w, http:\/\/www.musikschule-quickborn.de\/wp-content\/uploads\/2024\/11\/241027-Flyer-Musikraben-warmgelb-1-1.jpg 561w\" sizes=\"(max-width: 483px) 100vw, 483px\" \/><\/a><\/figure>\n","protected":false},"excerpt":{"rendered":"<p>Die Kurse finden im Musikgartenraum der Musikschule statt. Sie laufen jeweils bis zum Ende eines Schulhalbjahres, ein Einstieg ist jederzeit m\u00f6glich (freie Pl\u00e4tze vorausgesetzt). Alle Kurse k\u00f6nnen auch von Kindern mit Beeintr\u00e4chtigungen besucht werden. Anmeldung und weitere Informationen: Telefonisch unter&nbsp; 04106-8 14 28 oder per E-Mail an info@musikschule-quickborn.de<\/p>\n","protected":false},"author":1,"featured_media":0,"parent":70,"menu_order":5,"comment_status":"closed","ping_status":"open","template":"","meta":[],"_links":{"self":[{"href":"http:\/\/www.musikschule-quickborn.de\/index.php?rest_route=\/wp\/v2\/pages\/80"}],"collection":[{"href":"http:\/\/www.musikschule-quickborn.de\/index.php?rest_route=\/wp\/v2\/pages"}],"about":[{"href":"http:\/\/www.musikschule-quickborn.de\/index.php?rest_route=\/wp\/v2\/types\/page"}],"author":[{"embeddable":true,"href":"http:\/\/www.musikschule-quickborn.de\/index.php?rest_route=\/wp\/v2\/users\/1"}],"replies":[{"embeddable":true,"href":"http:\/\/www.musikschule-quickborn.de\/index.php?rest_route=%2Fwp%2Fv2%2Fcomments&post=80"}],"version-history":[{"count":44,"href":"http:\/\/www.musikschule-quickborn.de\/index.php?rest_route=\/wp\/v2\/pages\/80\/revisions"}],"predecessor-version":[{"id":1519,"href":"http:\/\/www.musikschule-quickborn.de\/index.php?rest_route=\/wp\/v2\/pages\/80\/revisions\/1519"}],"up":[{"embeddable":true,"href":"http:\/\/www.musikschule-quickborn.de\/index.php?rest_route=\/wp\/v2\/pages\/70"}],"wp:attachment":[{"href":"http:\/\/www.musikschule-quickborn.de\/index.php?rest_route=%2Fwp%2Fv2%2Fmedia&parent=80"}],"curies":[{"name":"wp","href":"https:\/\/api.w.org\/{rel}","templated":true}]}}