{"id":596,"date":"2016-06-08T07:23:27","date_gmt":"2016-06-08T07:23:27","guid":{"rendered":"http:\/\/www.musikschule-quickborn.de\/?page_id=596"},"modified":"2024-01-16T11:20:25","modified_gmt":"2024-01-16T11:20:25","slug":"unterrichtsbedingungen","status":"publish","type":"page","link":"http:\/\/www.musikschule-quickborn.de\/?page_id=596","title":{"rendered":"Unterrichtsbedingungen"},"content":{"rendered":"\n<div class=\"wp-block-file\"><\/div>\n\n\n\n<div class=\"wp-block-file\"><a href=\"http:\/\/www.musikschule-quickborn.de\/wp-content\/uploads\/2024\/01\/Unterrichtsbedingungen2024.jpg\">Unterrichtsbedingungen2024<\/a><a href=\"http:\/\/www.musikschule-quickborn.de\/wp-content\/uploads\/2024\/01\/Unterrichtsbedingungen2024.jpg\" class=\"wp-block-file__button\" download>Herunterladen<\/a><\/div>\n\n\n\n<p><\/p>\n\n\n\n<p><strong>Musikschule der Stadt Quickborn<\/strong><\/p>\n\n\n\n<p><strong>Unterrichtsbedingungen<\/strong><\/p>\n\n\n\n<p><strong>1. Aufgabe<\/strong><\/p>\n\n\n\n<p>Aufgabe der Musikschule ist es, Kindern, Jugendlichen und Erwachsenen eine umfassende musikalische Ausbildung zu vermitteln.<\/p>\n\n\n\n<p><strong>2. Aufbau<\/strong><\/p>\n\n\n\n<p>Die Ausbildung an der Musikschule geschieht in folgenden Bereichen:<\/p>\n\n\n\n<p>2.1 Gruppenunterricht: Musikalische Fr\u00fcherziehung (MFE) f\u00fcr 1-6j\u00e4hrige, Orientierungsstufe f\u00fcr Kinder im Grundschulalter<\/p>\n\n\n\n<p>2.2 Gruppen- und Einzelunterricht in den instrumentalen und vokalen Hauptf\u00e4chern<\/p>\n\n\n\n<p>2.3 Kurse und Arbeitsgemeinschaften in den Erg\u00e4nzungsf\u00e4chern<\/p>\n\n\n\n<p>2.4 Ensemble-Unterricht in Kammermusik-Gruppen, Orchester, Bigband, Band etc.<\/p>\n\n\n\n<p><strong>3. Teilnehmer<\/strong><\/p>\n\n\n\n<p>Die Teilnahme am Unterricht ist grunds\u00e4tzlich (mit Ausnahme der MFE) vom Beginn der Schulpflicht an m\u00f6glich.<\/p>\n\n\n\n<p><strong>4. Ferienordnung<\/strong><\/p>\n\n\n\n<p>Die Ferien- und Feiertagsordnung der \u00f6ffentlichen allgemeinbildenden Schulen gilt auch f\u00fcr die Musikschule.<\/p>\n\n\n\n<p><strong>5. Aufnahme und K\u00fcndigung<\/strong><\/p>\n\n\n\n<p>5.1 Die Sch\u00fcler werden f\u00fcr den Unterricht an der Musikschule auf Wartelisten vorgemerkt. Wenn ein Unterrichtsplatz an der Musikschule frei ist, erhalten die Sch\u00fcler bzw. deren Eltern von der Gesch\u00e4ftsstelle ein Anmeldeformular.<\/p>\n\n\n\n<p>5.2 Anmeldung und Abmeldung bed\u00fcrfen der Schriftform und sind an die Gesch\u00e4ftsstelle der Musikschule zu richten (bei minderj\u00e4hrigen Teilnehmern durch den\/die gesetzlichen Vertreter). Ein Anspruch auf Aufnahme besteht nicht.<\/p>\n\n\n\n<p>5.3 Abmeldungen (K\u00fcndigungen) sind nur zum Ende eines Schulhalbjahres m\u00f6glich (31.7. u. 31.1.). Sie m\u00fcssen der Gesch\u00e4ftsstelle sp\u00e4testens 4 Wochen vorher zugegangen sein. Neuvertr\u00e4ge werden der jeweils geltenen Rechtslage angepasst. In begr\u00fcndeten Einzelf\u00e4llen kann der Leiter der Musikschule Ausnahmen zulassen. Ausgenommen von dieser Regelung sind Kurse, die auf eine bestimmte Dauer angelegt sind (z.B. Orientierungsstufe). In diesen F\u00e4llen bedarf es am Ende des Kursus keiner besonderen K\u00fcndigung.<\/p>\n\n\n\n<p>5.4 Anmeldungen sind auch w\u00e4hrend des Schuljahres jederzeit m\u00f6glich.<\/p>\n\n\n\n<p>5.5 Sch\u00fcler, die den Unterricht durch schlechtes Betragen behindern, k\u00f6nnen vom Leiter der Musikschule zum Ende eines Halbjahres vom Unterricht ausgeschlossen werden, in schwerwiegenden F\u00e4llen auch sofort. Die Erziehungsberechtigten werden \u00fcber den beabsichtigten Ausschluss verst\u00e4ndigt.<\/p>\n\n\n\n<p>5.6 Ist ein Wechsel der Lehrkraft n\u00f6tig, so wird dadurch der laufende Unterrichtsvertrag nicht ber\u00fchrt. Dasselbe gilt f\u00fcr die Vertretung von Lehrkr\u00e4ften, z. B. wegen Krankheit. Ein Lehrerwechsel erfolgt im Einverst\u00e4ndnis mit dem Leiter der Musikschule und den betroffenen Lehrkr\u00e4ften.<\/p>\n\n\n\n<p><strong>6. Unterrichtserteilung<\/strong><\/p>\n\n\n\n<p>6.1 Der Unterricht findet in der Regel in den R\u00e4umen der Musikschule und der allgemeinbildenden Schulen Quickborns statt. Falls die Unterrichtserteilung aufgrund h\u00f6herer Gewalt nicht in den Unterrichtsr\u00e4umen m\u00f6glich ist, stellt die Durchf\u00fchrung des Unterrichts \u00fcber digitale Formate einen gleichwertigen Ersatz dar.<\/p>\n\n\n\n<p>6.2 Nach M\u00f6glichkeit werden die W\u00fcnsche um Unterricht bei einer bestimmten Lehrkraft bzw. einer bestimmten Unterrichtsst\u00e4tte erf\u00fcllt. Ein Anspruch darauf kann jedoch nicht erhoben werden.<\/p>\n\n\n\n<p>6.3 Die Dauer der Unterrichtsstunde betr\u00e4gt in den instrumentalen Hauptf\u00e4chern in der Regel 30 bzw. 45 Minuten. Die Unterrichtszeit in der MFE betr\u00e4gt 45 Minuten.<\/p>\n\n\n\n<p>6.4 Unterrichtsformen an der Musikschule sind Einzel- und Gruppenunterricht. Im Fach MFE und in den Erg\u00e4nzungsf\u00e4chern (s. 6.7) werden Gruppen von bis zu 12 Sch\u00fclern unterrichtet. Der Unterricht in den anderen F\u00e4chern wird in der Regel als Einzelunterricht erteilt, Gruppenanmeldungen (bis max. vier Sch\u00fclern) k\u00f6nnen auf Wunsch ber\u00fccksichtigt werden.<\/p>\n\n\n\n<p>6.5. Die Sch\u00fcler sind zur regelm\u00e4\u00dfigen Teilnahme am Unterricht verpflichtet. Mehrmaliges unentschuldigtes Fehlen kann zum Ausschluss vom Unterricht f\u00fchren; \u00fcber diese Ma\u00dfnahme entscheidet der Leiter der Musikschule.<\/p>\n\n\n\n<p>6.6 \u00d6ffentliches Auftreten der Sch\u00fcler und Meldungen zu Wettbewerben sowie Pr\u00fcfungen in den von der Musikschule erteilten F\u00e4chern bed\u00fcrfen der Genehmigung des Leiters der Musikschule.<\/p>\n\n\n\n<p>6.7 Alle Sch\u00fcler an der Musikschule k\u00f6nnen kostenlos an den angebotenen Erg\u00e4nzungsf\u00e4chern (allgemeine Musiklehre, Kammermusik, Orchester) teilnehmen. Die Einteilung zum Erg\u00e4nzungsfach nimmt unter Ber\u00fccksichtigung des Ausbildungsstandes und des Interesses des Sch\u00fclers der Leiter der Musikschule vor.<\/p>\n\n\n\n<p><strong>7. Gesundheitsbestimmungen<\/strong><\/p>\n\n\n\n<p>Beim Auftreten ansteckender Krankheiten sind die allgemeinen Gesundheitsbestimmungen f\u00fcr Schulen (insbesondere das Infektionsschutzgesetz) anzuwenden.<\/p>\n\n\n\n<p><strong>8. Aufsicht<\/strong><\/p>\n\n\n\n<p>Eine Aufsicht besteht nur w\u00e4hrend des Unterrichts. <\/p>\n\n\n\n<p>Stand 02\/2024<\/p>\n\n\n\n<p><\/p>\n","protected":false},"excerpt":{"rendered":"<p>Musikschule der Stadt Quickborn Unterrichtsbedingungen 1. Aufgabe Aufgabe der Musikschule ist es, Kindern, Jugendlichen und Erwachsenen eine umfassende musikalische Ausbildung zu vermitteln. 2. Aufbau Die Ausbildung an der Musikschule geschieht in folgenden Bereichen: 2.1 Gruppenunterricht: Musikalische Fr\u00fcherziehung (MFE) f\u00fcr 1-6j\u00e4hrige, Orientierungsstufe f\u00fcr Kinder im Grundschulalter 2.2 Gruppen- und Einzelunterricht in den instrumentalen und vokalen Hauptf\u00e4chern [&hellip;]<\/p>\n","protected":false},"author":1,"featured_media":0,"parent":6,"menu_order":0,"comment_status":"closed","ping_status":"closed","template":"","meta":[],"_links":{"self":[{"href":"http:\/\/www.musikschule-quickborn.de\/index.php?rest_route=\/wp\/v2\/pages\/596"}],"collection":[{"href":"http:\/\/www.musikschule-quickborn.de\/index.php?rest_route=\/wp\/v2\/pages"}],"about":[{"href":"http:\/\/www.musikschule-quickborn.de\/index.php?rest_route=\/wp\/v2\/types\/page"}],"author":[{"embeddable":true,"href":"http:\/\/www.musikschule-quickborn.de\/index.php?rest_route=\/wp\/v2\/users\/1"}],"replies":[{"embeddable":true,"href":"http:\/\/www.musikschule-quickborn.de\/index.php?rest_route=%2Fwp%2Fv2%2Fcomments&post=596"}],"version-history":[{"count":5,"href":"http:\/\/www.musikschule-quickborn.de\/index.php?rest_route=\/wp\/v2\/pages\/596\/revisions"}],"predecessor-version":[{"id":1400,"href":"http:\/\/www.musikschule-quickborn.de\/index.php?rest_route=\/wp\/v2\/pages\/596\/revisions\/1400"}],"up":[{"embeddable":true,"href":"http:\/\/www.musikschule-quickborn.de\/index.php?rest_route=\/wp\/v2\/pages\/6"}],"wp:attachment":[{"href":"http:\/\/www.musikschule-quickborn.de\/index.php?rest_route=%2Fwp%2Fv2%2Fmedia&parent=596"}],"curies":[{"name":"wp","href":"https:\/\/api.w.org\/{rel}","templated":true}]}}