{"id":1511,"date":"2024-11-04T10:51:01","date_gmt":"2024-11-04T10:51:01","guid":{"rendered":"http:\/\/www.musikschule-quickborn.de\/?page_id=1511"},"modified":"2024-11-05T10:31:10","modified_gmt":"2024-11-05T10:31:10","slug":"sternschnuppe-ein-musiktherapeutisches-angebot-unter-der-leitung-von-julia-timm","status":"publish","type":"page","link":"http:\/\/www.musikschule-quickborn.de\/?page_id=1511","title":{"rendered":"Sternschnuppe &#8211; ein musiktherapeutisches Angebot unter der Leitung von Julia Timm"},"content":{"rendered":"\n<p>Die Kurse finden im Musikgartenraum der Musikschule statt. Sie laufen jeweils bis zum Ende eines Schulhalbjahres, ein Einstieg ist jederzeit m\u00f6glich (freie Pl\u00e4tze vorausgesetzt).<\/p>\n<p>Die Kurse k\u00f6nnen auch von Kindern mit Beeintr\u00e4chtigungen besucht werden.<\/p>\n<p><br \/>Anmeldung und weitere Informationen:<br \/>Telefonisch unter 04106-8 14 28 oder per E-Mail an info@musikschule-quickborn.de<br \/><br \/><\/p>\n\n\n\n<figure class=\"wp-block-image size-large\"><a href=\"http:\/\/www.musikschule-quickborn.de\/wp-content\/uploads\/2024\/11\/241027-Flyer-Sternschnuppe-warmgelb-1.jpg\"><img loading=\"lazy\" width=\"965\" height=\"1024\" src=\"http:\/\/www.musikschule-quickborn.de\/wp-content\/uploads\/2024\/11\/241027-Flyer-Sternschnuppe-warmgelb-1-965x1024.jpg\" alt=\"\" class=\"wp-image-1512\" srcset=\"http:\/\/www.musikschule-quickborn.de\/wp-content\/uploads\/2024\/11\/241027-Flyer-Sternschnuppe-warmgelb-1-965x1024.jpg 965w, http:\/\/www.musikschule-quickborn.de\/wp-content\/uploads\/2024\/11\/241027-Flyer-Sternschnuppe-warmgelb-1-283x300.jpg 283w, http:\/\/www.musikschule-quickborn.de\/wp-content\/uploads\/2024\/11\/241027-Flyer-Sternschnuppe-warmgelb-1-768x815.jpg 768w, http:\/\/www.musikschule-quickborn.de\/wp-content\/uploads\/2024\/11\/241027-Flyer-Sternschnuppe-warmgelb-1.jpg 1169w\" sizes=\"(max-width: 965px) 100vw, 965px\" \/><\/a><\/figure>\n","protected":false},"excerpt":{"rendered":"<p>Die Kurse finden im Musikgartenraum der Musikschule statt. Sie laufen jeweils bis zum Ende eines Schulhalbjahres, ein Einstieg ist jederzeit m\u00f6glich (freie Pl\u00e4tze vorausgesetzt). Die Kurse k\u00f6nnen auch von Kindern mit Beeintr\u00e4chtigungen besucht werden. Anmeldung und weitere Informationen:Telefonisch unter 04106-8 14 28 oder per E-Mail an info@musikschule-quickborn.de<\/p>\n","protected":false},"author":1,"featured_media":0,"parent":70,"menu_order":4,"comment_status":"closed","ping_status":"closed","template":"","meta":[],"_links":{"self":[{"href":"http:\/\/www.musikschule-quickborn.de\/index.php?rest_route=\/wp\/v2\/pages\/1511"}],"collection":[{"href":"http:\/\/www.musikschule-quickborn.de\/index.php?rest_route=\/wp\/v2\/pages"}],"about":[{"href":"http:\/\/www.musikschule-quickborn.de\/index.php?rest_route=\/wp\/v2\/types\/page"}],"author":[{"embeddable":true,"href":"http:\/\/www.musikschule-quickborn.de\/index.php?rest_route=\/wp\/v2\/users\/1"}],"replies":[{"embeddable":true,"href":"http:\/\/www.musikschule-quickborn.de\/index.php?rest_route=%2Fwp%2Fv2%2Fcomments&post=1511"}],"version-history":[{"count":3,"href":"http:\/\/www.musikschule-quickborn.de\/index.php?rest_route=\/wp\/v2\/pages\/1511\/revisions"}],"predecessor-version":[{"id":1520,"href":"http:\/\/www.musikschule-quickborn.de\/index.php?rest_route=\/wp\/v2\/pages\/1511\/revisions\/1520"}],"up":[{"embeddable":true,"href":"http:\/\/www.musikschule-quickborn.de\/index.php?rest_route=\/wp\/v2\/pages\/70"}],"wp:attachment":[{"href":"http:\/\/www.musikschule-quickborn.de\/index.php?rest_route=%2Fwp%2Fv2%2Fmedia&parent=1511"}],"curies":[{"name":"wp","href":"https:\/\/api.w.org\/{rel}","templated":true}]}}