{"id":131,"date":"2012-09-26T08:11:13","date_gmt":"2012-09-26T08:11:13","guid":{"rendered":"http:\/\/msqui.musikschulen-sh.de\/?page_id=131"},"modified":"2025-09-29T08:22:48","modified_gmt":"2025-09-29T08:22:48","slug":"anmeldung","status":"publish","type":"page","link":"http:\/\/www.musikschule-quickborn.de\/?page_id=131","title":{"rendered":"Anmeldung"},"content":{"rendered":"<p>Eine Anmeldung ist w\u00e4hrend der \u00d6ffnungszeiten in unserer Gesch\u00e4ftsstelle m\u00f6glich. Auf Wunsch schicken wir die Anmeldeunterlagen gerne zu. Sie k\u00f6nnen das Anmelde-Formular auch hier herunterladen:<\/p>\n\n\n<div class=\"wp-block-file\"><a href=\"http:\/\/www.musikschule-quickborn.de\/wp-content\/uploads\/2025\/09\/Musikschule-Quickborn-Anmeldung2025.pdf\">Musikschule-Quickborn-Anmeldung2025<\/a><a href=\"http:\/\/www.musikschule-quickborn.de\/wp-content\/uploads\/2025\/09\/Musikschule-Quickborn-Anmeldung2025.pdf\" class=\"wp-block-file__button\" download>Herunterladen<\/a><\/div>\n","protected":false},"excerpt":{"rendered":"<p>Eine Anmeldung ist w\u00e4hrend der \u00d6ffnungszeiten in unserer Gesch\u00e4ftsstelle m\u00f6glich. Auf Wunsch schicken wir die Anmeldeunterlagen gerne zu. Sie k\u00f6nnen das Anmelde-Formular auch hier herunterladen:<\/p>\n","protected":false},"author":1,"featured_media":0,"parent":6,"menu_order":4,"comment_status":"closed","ping_status":"open","template":"","meta":[],"_links":{"self":[{"href":"http:\/\/www.musikschule-quickborn.de\/index.php?rest_route=\/wp\/v2\/pages\/131"}],"collection":[{"href":"http:\/\/www.musikschule-quickborn.de\/index.php?rest_route=\/wp\/v2\/pages"}],"about":[{"href":"http:\/\/www.musikschule-quickborn.de\/index.php?rest_route=\/wp\/v2\/types\/page"}],"author":[{"embeddable":true,"href":"http:\/\/www.musikschule-quickborn.de\/index.php?rest_route=\/wp\/v2\/users\/1"}],"replies":[{"embeddable":true,"href":"http:\/\/www.musikschule-quickborn.de\/index.php?rest_route=%2Fwp%2Fv2%2Fcomments&post=131"}],"version-history":[{"count":13,"href":"http:\/\/www.musikschule-quickborn.de\/index.php?rest_route=\/wp\/v2\/pages\/131\/revisions"}],"predecessor-version":[{"id":1617,"href":"http:\/\/www.musikschule-quickborn.de\/index.php?rest_route=\/wp\/v2\/pages\/131\/revisions\/1617"}],"up":[{"embeddable":true,"href":"http:\/\/www.musikschule-quickborn.de\/index.php?rest_route=\/wp\/v2\/pages\/6"}],"wp:attachment":[{"href":"http:\/\/www.musikschule-quickborn.de\/index.php?rest_route=%2Fwp%2Fv2%2Fmedia&parent=131"}],"curies":[{"name":"wp","href":"https:\/\/api.w.org\/{rel}","templated":true}]}}