{"id":12,"date":"2011-07-11T15:31:49","date_gmt":"2011-07-11T15:31:49","guid":{"rendered":"http:\/\/msqui.juniorvoices.de\/?page_id=12"},"modified":"2020-09-23T07:52:31","modified_gmt":"2020-09-23T07:52:31","slug":"the-greenhorns","status":"publish","type":"page","link":"http:\/\/www.musikschule-quickborn.de\/?page_id=12","title":{"rendered":"Big Band The Greenhorns"},"content":{"rendered":"<div id=\"attachment_1099\" style=\"width: 720px\" class=\"wp-caption alignleft\"><a href=\"http:\/\/www.musikschule-quickborn.de\/?attachment_id=1099\" rel=\"attachment wp-att-1099\"><img aria-describedby=\"caption-attachment-1099\" loading=\"lazy\" class=\" wp-image-1099\" src=\"http:\/\/www.musikschule-quickborn.de\/wp-content\/uploads\/2020\/09\/qui-hof-meyn-37--300x169.jpg\" alt=\"\" width=\"710\" height=\"400\" srcset=\"http:\/\/www.musikschule-quickborn.de\/wp-content\/uploads\/2020\/09\/qui-hof-meyn-37--300x169.jpg 300w, http:\/\/www.musikschule-quickborn.de\/wp-content\/uploads\/2020\/09\/qui-hof-meyn-37--768x432.jpg 768w, http:\/\/www.musikschule-quickborn.de\/wp-content\/uploads\/2020\/09\/qui-hof-meyn-37-.jpg 880w\" sizes=\"(max-width: 710px) 100vw, 710px\" \/><\/a><p id=\"caption-attachment-1099\" class=\"wp-caption-text\">Jazz auf dem H\u00fchnerhof 2019<\/p><\/div>\n<p>Die Big-Band der Musikschule der Stadt Quickborn wurde 1996 gegr\u00fcndet und hat sich seit 2003 unter der Leitung von Frank-Peter K\u00f6nen und unter dem Namen \u201eThe Greenhorns\u201c zum Aush\u00e4ngeschild der Musikschule der Stadt Quickborn weiterentwickelt. Lehrkr\u00e4fte und Sch\u00fcler haben gemeinsam ein Repertoire vom Jazz-Rock \u00fcber Latin und Filmmusik bis hin zu Swing-Nummern und Evergreens der 40er und 50er Jahre erarbeitet, das in der Region S\u00fcdholstein viel Beachtung findet. Die Gesangspartien werden dabei in ebenso bew\u00e4hrter wie stimmlich \u00fcberzeugender Weise von Nicola, Marlene, Alexandra und Horst, bisweilen auch von anderen Bandmitgliedern \u00fcbernommen, Auch instrumentalen Solisten wird immer wieder die M\u00f6glichkeit gegeben, ihr K\u00f6nnen zu beweisen. Auf regelm\u00e4\u00dfigen \u00dcbungsabenden, aber auch an ganzen Wochenenden werden die Auftritte vorbereitet. Ein besonderer H\u00f6hepunkt im Jahr 2018 war das Konzert &#8222;Haste T\u00f6ne?! &#8211; was in der Musikschule so alles klingt&#8220;, bei dem die Greenhorns gemeinsam mit dem Orchester der Musikschule auftraten . Diese Veranstaltung war gleichzeitig ein Dankesch\u00f6n an Frank-Peter K\u00f6nen, der die \u201eGreenhorns\u201c seit 15 Jahren engagiert und erfolgreich leitet.<\/p>\n<p><strong>Probentermine<\/strong>: Sonntags 18:00-20:00 Uhr im Bandraum der Ernst-Barlach-Schule<\/p>\n<p><a title=\"Homepage der Greenhorns\" href=\"http:\/\/www.thegreenhorns.de\/\" target=\"_blank\" rel=\"noopener\">Hier<\/a> geht es zur Homepage der Greenhorns<\/p>\n","protected":false},"excerpt":{"rendered":"<p>Die Big-Band der Musikschule der Stadt Quickborn wurde 1996 gegr\u00fcndet und hat sich seit 2003 unter der Leitung von Frank-Peter K\u00f6nen und unter dem Namen \u201eThe Greenhorns\u201c zum Aush\u00e4ngeschild der Musikschule der Stadt Quickborn weiterentwickelt. Lehrkr\u00e4fte und Sch\u00fcler haben gemeinsam ein Repertoire vom Jazz-Rock \u00fcber Latin und Filmmusik bis hin zu Swing-Nummern und Evergreens der [&hellip;]<\/p>\n","protected":false},"author":1,"featured_media":0,"parent":72,"menu_order":3,"comment_status":"closed","ping_status":"open","template":"","meta":[],"_links":{"self":[{"href":"http:\/\/www.musikschule-quickborn.de\/index.php?rest_route=\/wp\/v2\/pages\/12"}],"collection":[{"href":"http:\/\/www.musikschule-quickborn.de\/index.php?rest_route=\/wp\/v2\/pages"}],"about":[{"href":"http:\/\/www.musikschule-quickborn.de\/index.php?rest_route=\/wp\/v2\/types\/page"}],"author":[{"embeddable":true,"href":"http:\/\/www.musikschule-quickborn.de\/index.php?rest_route=\/wp\/v2\/users\/1"}],"replies":[{"embeddable":true,"href":"http:\/\/www.musikschule-quickborn.de\/index.php?rest_route=%2Fwp%2Fv2%2Fcomments&post=12"}],"version-history":[{"count":14,"href":"http:\/\/www.musikschule-quickborn.de\/index.php?rest_route=\/wp\/v2\/pages\/12\/revisions"}],"predecessor-version":[{"id":1100,"href":"http:\/\/www.musikschule-quickborn.de\/index.php?rest_route=\/wp\/v2\/pages\/12\/revisions\/1100"}],"up":[{"embeddable":true,"href":"http:\/\/www.musikschule-quickborn.de\/index.php?rest_route=\/wp\/v2\/pages\/72"}],"wp:attachment":[{"href":"http:\/\/www.musikschule-quickborn.de\/index.php?rest_route=%2Fwp%2Fv2%2Fmedia&parent=12"}],"curies":[{"name":"wp","href":"https:\/\/api.w.org\/{rel}","templated":true}]}}