{"id":119,"date":"2012-09-14T09:49:57","date_gmt":"2012-09-14T09:49:57","guid":{"rendered":"http:\/\/msqui.musikschulen-sh.de\/?page_id=119"},"modified":"2025-09-11T07:56:53","modified_gmt":"2025-09-11T07:56:53","slug":"forderverein","status":"publish","type":"page","link":"http:\/\/www.musikschule-quickborn.de\/?page_id=119","title":{"rendered":"F\u00f6rderverein"},"content":{"rendered":"<p>Die Musikschule der Stadt Quickborn bietet qualifizierten Unterricht und ein breitgef\u00e4chertes Angebot zu g\u00fcnstigen Bedingungen. So steht &#8211; neben dem Einzel- und Gruppenunterricht als zentrale Aufgabe &#8211; der Aufbau von leistungsf\u00e4higen Ensembles im Vordergrund der p\u00e4dagogischen Arbeit. Dies wird vor allem durch die kontinuierliche Unterst\u00fctzung sowohl des Landes Schleswig-Holstein als auch der Stadt Quickborn erm\u00f6glicht.<\/p>\n<p>Neben der finanziellen Zuwendung zeigt sich das besondere Engagement der Stadt durch die Bereitstellung der Gesch\u00e4ftsstellen- und Unterrichtsr\u00e4ume. Nicht zuletzt wird dies satzungsgem\u00e4\u00df durch die offizielle Widmung &#8222;Musikschule der Stadt Quickborn&#8220; deutlich.<\/p>\n<p>Das erfreuliche Spendenaufkommen von Firmen, Organisationen und Privatpersonen zeigt, dass die Musikschule auch in der Quickborner \u00d6ffentlichkeit anerkannt ist. Dar\u00fcber hinaus leisten die Mitglieder des F\u00f6rdervereins einen bedeutenden Beitrag.<\/p>\n<p>Die Mitgliedsbeitr\u00e4ge erm\u00f6glichen die Anschaffung von Leihinstrumenten und die Ausstattung der vielf\u00e4ltigen Ensembles unserer Musikschule. Mit Ihrer Mitgliedschaft im F\u00f6rderverein unterst\u00fctzen Sie unsere wichtigsten Ziele: die Erhaltung eines qualifizierten, breit gef\u00e4cherten Angebots musikalischer Bet\u00e4tigung zu g\u00fcnstigen Bedingungen.<\/p>\n<p><strong> Werden Sie Mitglied!<\/strong><\/p>\n<p><strong>Tr\u00e4gerschaft:<\/strong> Verein zur F\u00f6rderung der Musikschule Quickborn e. V.<\/p>\n<p><strong>Vorstand:<\/strong> Henning Meyn (Vorsitzender), Petra Ullfors (stellv. Vorsitzende), Heike Schilling (Schatzmeisterin), Janina Schmidt (Schriftf\u00fchrerin), Heidi B\u00f6hm (Beisitzerin), Carsten M\u00f6ller (Vertreterin der Stadt Quickborn)<\/p>\n<p><strong>Gesch\u00e4ftsstelle: <\/strong>Heidkampstr. 10 (gr\u00fcner Eingang), 25451 Quickborn, Tel: 04106 \/ 8 14 28<\/p>\n<p>Gesch\u00e4ftszeiten Mo. &#8211; Do. 9.30 &#8211; 12.00 Uhr.<\/p>\n<p><strong>E-Mail:<\/strong> <a href=\"mailto:info@musikschule-quickborn.de\">info@musikschule-quickborn.de<\/a><\/p>\n","protected":false},"excerpt":{"rendered":"<p>Die Musikschule der Stadt Quickborn bietet qualifizierten Unterricht und ein breitgef\u00e4chertes Angebot zu g\u00fcnstigen Bedingungen. So steht &#8211; neben dem Einzel- und Gruppenunterricht als zentrale Aufgabe &#8211; der Aufbau von leistungsf\u00e4higen Ensembles im Vordergrund der p\u00e4dagogischen Arbeit. Dies wird vor allem durch die kontinuierliche Unterst\u00fctzung sowohl des Landes Schleswig-Holstein als auch der Stadt Quickborn erm\u00f6glicht. [&hellip;]<\/p>\n","protected":false},"author":1,"featured_media":0,"parent":0,"menu_order":5,"comment_status":"closed","ping_status":"open","template":"","meta":[],"_links":{"self":[{"href":"http:\/\/www.musikschule-quickborn.de\/index.php?rest_route=\/wp\/v2\/pages\/119"}],"collection":[{"href":"http:\/\/www.musikschule-quickborn.de\/index.php?rest_route=\/wp\/v2\/pages"}],"about":[{"href":"http:\/\/www.musikschule-quickborn.de\/index.php?rest_route=\/wp\/v2\/types\/page"}],"author":[{"embeddable":true,"href":"http:\/\/www.musikschule-quickborn.de\/index.php?rest_route=\/wp\/v2\/users\/1"}],"replies":[{"embeddable":true,"href":"http:\/\/www.musikschule-quickborn.de\/index.php?rest_route=%2Fwp%2Fv2%2Fcomments&post=119"}],"version-history":[{"count":13,"href":"http:\/\/www.musikschule-quickborn.de\/index.php?rest_route=\/wp\/v2\/pages\/119\/revisions"}],"predecessor-version":[{"id":1610,"href":"http:\/\/www.musikschule-quickborn.de\/index.php?rest_route=\/wp\/v2\/pages\/119\/revisions\/1610"}],"wp:attachment":[{"href":"http:\/\/www.musikschule-quickborn.de\/index.php?rest_route=%2Fwp%2Fv2%2Fmedia&parent=119"}],"curies":[{"name":"wp","href":"https:\/\/api.w.org\/{rel}","templated":true}]}}